{"id":15,"date":"2025-04-21T02:11:30","date_gmt":"2025-04-21T02:11:30","guid":{"rendered":"https:\/\/camararibeiraocascalheira.com.br\/new\/?page_id=15"},"modified":"2025-04-21T19:05:57","modified_gmt":"2025-04-21T19:05:57","slug":"sobre-nos","status":"publish","type":"page","link":"https:\/\/camararibeiraocascalheira.com.br\/new\/sobre-nos\/","title":{"rendered":"Sobre N\u00f3s"},"content":{"rendered":"\t\t<div data-elementor-type=\"wp-page\" data-elementor-id=\"15\" class=\"elementor elementor-15\">\n\t\t\t\t<div class=\"elementor-element elementor-element-2ebb325 e-flex e-con-boxed wpr-particle-no wpr-jarallax-no wpr-parallax-no wpr-sticky-section-no e-con e-parent\" data-id=\"2ebb325\" data-element_type=\"container\" data-settings=\"{&quot;background_background&quot;:&quot;classic&quot;}\">\n\t\t\t\t\t<div class=\"e-con-inner\">\n\t\t\t\t<div class=\"elementor-element elementor-element-646f4c4 elementor-widget elementor-widget-heading\" data-id=\"646f4c4\" data-element_type=\"widget\" data-widget_type=\"heading.default\">\n\t\t\t\t<div class=\"elementor-widget-container\">\n\t\t\t\t\t<h2 class=\"elementor-heading-title elementor-size-default\">Sobre N\u00f3s<\/h2>\t\t\t\t<\/div>\n\t\t\t\t<\/div>\n\t\t\t\t\t<\/div>\n\t\t\t\t<\/div>\n\t\t<div class=\"elementor-element elementor-element-231ec5d e-flex e-con-boxed wpr-particle-no wpr-jarallax-no wpr-parallax-no wpr-sticky-section-no e-con e-parent\" data-id=\"231ec5d\" data-element_type=\"container\">\n\t\t\t\t\t<div class=\"e-con-inner\">\n\t\t<div class=\"elementor-element elementor-element-6baf397 e-con-full e-flex wpr-particle-no wpr-jarallax-no wpr-parallax-no wpr-sticky-section-no e-con e-child\" data-id=\"6baf397\" data-element_type=\"container\">\n\t\t\t\t<div class=\"elementor-element elementor-element-ef480f4 elementor-widget elementor-widget-heading\" data-id=\"ef480f4\" data-element_type=\"widget\" data-widget_type=\"heading.default\">\n\t\t\t\t<div class=\"elementor-widget-container\">\n\t\t\t\t\t<h2 class=\"elementor-heading-title elementor-size-default\">Conhe\u00e7a a Nexus Home<\/h2>\t\t\t\t<\/div>\n\t\t\t\t<\/div>\n\t\t\t\t<div class=\"elementor-element elementor-element-258a96d elementor-widget elementor-widget-heading\" data-id=\"258a96d\" data-element_type=\"widget\" data-widget_type=\"heading.default\">\n\t\t\t\t<div class=\"elementor-widget-container\">\n\t\t\t\t\t<h2 class=\"elementor-heading-title elementor-size-default\">Escrit\u00f3rio de arquitetura em UBERL\u00c2NDIA<\/h2>\t\t\t\t<\/div>\n\t\t\t\t<\/div>\n\t\t\t\t<div class=\"elementor-element elementor-element-6f23ebd elementor-widget elementor-widget-text-editor\" data-id=\"6f23ebd\" data-element_type=\"widget\" data-widget_type=\"text-editor.default\">\n\t\t\t\t<div class=\"elementor-widget-container\">\n\t\t\t\t\t\t\t\t\t<p>Na Nexus Home, entendemos que sua casa \u00e9 muito mais do que um espa\u00e7o f\u00edsico. \u00c9 o lugar onde voc\u00ea vive seus melhores momentos, cria mem\u00f3rias e expressa sua personalidade.<\/p><p>Nossa miss\u00e3o \u00e9 construir la\u00e7os duradouros com nossos clientes, oferecendo um servi\u00e7o personalizado e transparente em todas as etapas do projeto. Acreditamos que a comunica\u00e7\u00e3o clara e a colabora\u00e7\u00e3o s\u00e3o fundamentais para alcan\u00e7ar resultados excepcionais.<\/p><p><strong>Nossos Valores:<\/strong><\/p><p><strong>Excel\u00eancia:<\/strong>\u00a0Buscamos a perfei\u00e7\u00e3o em tudo o que fazemos.<br \/><strong>Personaliza\u00e7\u00e3o:<\/strong>\u00a0Cada projeto \u00e9 \u00fanico e adaptado \u00e0s suas necessidades.<br \/><strong>Inova\u00e7\u00e3o:<\/strong>\u00a0Estamos sempre atentos \u00e0s \u00faltimas tend\u00eancias e tecnologias.<br \/><strong>Sustentabilidade:\u00a0<\/strong>Integramos solu\u00e7\u00f5es eco-eficientes em nossos projetos.<\/p>\t\t\t\t\t\t\t\t<\/div>\n\t\t\t\t<\/div>\n\t\t\t\t<div class=\"elementor-element elementor-element-f3563ea elementor-align-center elementor-widget elementor-widget-button\" data-id=\"f3563ea\" data-element_type=\"widget\" data-widget_type=\"button.default\">\n\t\t\t\t<div class=\"elementor-widget-container\">\n\t\t\t\t\t\t\t\t\t<div class=\"elementor-button-wrapper\">\n\t\t\t\t\t<a class=\"elementor-button elementor-button-link elementor-size-sm elementor-animation-shrink\" href=\"https:\/\/camararibeiraocascalheira.com.br\/new\/projetos\/\">\n\t\t\t\t\t\t<span class=\"elementor-button-content-wrapper\">\n\t\t\t\t\t\t<span class=\"elementor-button-icon\">\n\t\t\t\t<svg aria-hidden=\"true\" class=\"e-font-icon-svg e-fas-arrow-right\" viewBox=\"0 0 448 512\" xmlns=\"http:\/\/www.w3.org\/2000\/svg\"><path d=\"M190.5 66.9l22.2-22.2c9.4-9.4 24.6-9.4 33.9 0L441 239c9.4 9.4 9.4 24.6 0 33.9L246.6 467.3c-9.4 9.4-24.6 9.4-33.9 0l-22.2-22.2c-9.5-9.5-9.3-25 .4-34.3L311.4 296H24c-13.3 0-24-10.7-24-24v-32c0-13.3 10.7-24 24-24h287.4L190.9 101.2c-9.8-9.3-10-24.8-.4-34.3z\"><\/path><\/svg>\t\t\t<\/span>\n\t\t\t\t\t\t\t\t\t<span class=\"elementor-button-text\">Veja Alguns Dos Nossos Projetos<\/span>\n\t\t\t\t\t<\/span>\n\t\t\t\t\t<\/a>\n\t\t\t\t<\/div>\n\t\t\t\t\t\t\t\t<\/div>\n\t\t\t\t<\/div>\n\t\t\t\t<\/div>\n\t\t<div class=\"elementor-element elementor-element-ac703c5 e-con-full e-flex wpr-particle-no wpr-jarallax-no wpr-parallax-no wpr-sticky-section-no e-con e-child\" data-id=\"ac703c5\" data-element_type=\"container\">\n\t\t\t\t<div class=\"elementor-element elementor-element-08b8f59 elementor-widget elementor-widget-image\" data-id=\"08b8f59\" data-element_type=\"widget\" data-widget_type=\"image.default\">\n\t\t\t\t<div class=\"elementor-widget-container\">\n\t\t\t\t\t\t\t\t\t\t\t\t\t\t\t<img fetchpriority=\"high\" decoding=\"async\" width=\"1125\" height=\"750\" src=\"https:\/\/camararibeiraocascalheira.com.br\/new\/wp-content\/uploads\/2025\/04\/SobreNos.gif\" class=\"attachment-full size-full wp-image-216\" alt=\"\" \/>\t\t\t\t\t\t\t\t\t\t\t\t\t\t\t<\/div>\n\t\t\t\t<\/div>\n\t\t\t\t<\/div>\n\t\t\t\t\t<\/div>\n\t\t\t\t<\/div>\n\t\t<div class=\"elementor-element elementor-element-1c8f4f9 e-grid e-con-boxed wpr-particle-no wpr-jarallax-no wpr-parallax-no wpr-sticky-section-no e-con e-parent\" data-id=\"1c8f4f9\" data-element_type=\"container\">\n\t\t\t\t\t<div class=\"e-con-inner\">\n\t\t\t\t<div class=\"elementor-element elementor-element-d3b652c elementor-widget elementor-widget-counter\" data-id=\"d3b652c\" data-element_type=\"widget\" data-widget_type=\"counter.default\">\n\t\t\t\t<div class=\"elementor-widget-container\">\n\t\t\t\t\t\t\t<div class=\"elementor-counter\">\n\t\t\t<div class=\"elementor-counter-title\">Clientes satisfeitos<\/div>\t\t\t<div class=\"elementor-counter-number-wrapper\">\n\t\t\t\t<span class=\"elementor-counter-number-prefix\">+<\/span>\n\t\t\t\t<span class=\"elementor-counter-number\" data-duration=\"2000\" data-to-value=\"300\" data-from-value=\"0\" data-delimiter=\",\">0<\/span>\n\t\t\t\t<span class=\"elementor-counter-number-suffix\"><\/span>\n\t\t\t<\/div>\n\t\t<\/div>\n\t\t\t\t\t\t<\/div>\n\t\t\t\t<\/div>\n\t\t\t\t<div class=\"elementor-element elementor-element-e1c7825 elementor-widget elementor-widget-counter\" data-id=\"e1c7825\" data-element_type=\"widget\" data-widget_type=\"counter.default\">\n\t\t\t\t<div class=\"elementor-widget-container\">\n\t\t\t\t\t\t\t<div class=\"elementor-counter\">\n\t\t\t<div class=\"elementor-counter-title\">Projetos realizados<\/div>\t\t\t<div class=\"elementor-counter-number-wrapper\">\n\t\t\t\t<span class=\"elementor-counter-number-prefix\">+<\/span>\n\t\t\t\t<span class=\"elementor-counter-number\" data-duration=\"2000\" data-to-value=\"500\" data-from-value=\"0\" data-delimiter=\",\">0<\/span>\n\t\t\t\t<span class=\"elementor-counter-number-suffix\"><\/span>\n\t\t\t<\/div>\n\t\t<\/div>\n\t\t\t\t\t\t<\/div>\n\t\t\t\t<\/div>\n\t\t\t\t<div class=\"elementor-element elementor-element-83596b6 elementor-widget elementor-widget-counter\" data-id=\"83596b6\" data-element_type=\"widget\" data-widget_type=\"counter.default\">\n\t\t\t\t<div class=\"elementor-widget-container\">\n\t\t\t\t\t\t\t<div class=\"elementor-counter\">\n\t\t\t<div class=\"elementor-counter-title\">Obras entregues<\/div>\t\t\t<div class=\"elementor-counter-number-wrapper\">\n\t\t\t\t<span class=\"elementor-counter-number-prefix\">+<\/span>\n\t\t\t\t<span class=\"elementor-counter-number\" data-duration=\"2000\" data-to-value=\"80\" data-from-value=\"0\" data-delimiter=\",\">0<\/span>\n\t\t\t\t<span class=\"elementor-counter-number-suffix\"><\/span>\n\t\t\t<\/div>\n\t\t<\/div>\n\t\t\t\t\t\t<\/div>\n\t\t\t\t<\/div>\n\t\t\t\t\t<\/div>\n\t\t\t\t<\/div>\n\t\t<div class=\"elementor-element elementor-element-440a9ed e-flex e-con-boxed wpr-particle-no wpr-jarallax-no wpr-parallax-no wpr-sticky-section-no e-con e-parent\" data-id=\"440a9ed\" data-element_type=\"container\" data-settings=\"{&quot;background_background&quot;:&quot;classic&quot;}\">\n\t\t\t\t\t<div class=\"e-con-inner\">\n\t\t\t\t<div class=\"elementor-element elementor-element-0e7d170 elementor-widget elementor-widget-heading\" data-id=\"0e7d170\" data-element_type=\"widget\" data-widget_type=\"heading.default\">\n\t\t\t\t<div class=\"elementor-widget-container\">\n\t\t\t\t\t<h2 class=\"elementor-heading-title elementor-size-default\">Conhe\u00e7a Nossa Equipe:<\/h2>\t\t\t\t<\/div>\n\t\t\t\t<\/div>\n\t\t\t\t<div class=\"elementor-element elementor-element-e0a4955 elementor-widget elementor-widget-heading\" data-id=\"e0a4955\" data-element_type=\"widget\" data-widget_type=\"heading.default\">\n\t\t\t\t<div class=\"elementor-widget-container\">\n\t\t\t\t\t<h2 class=\"elementor-heading-title elementor-size-default\">Compromisso com a excel\u00eancia em tudo que fazemos.<\/h2>\t\t\t\t<\/div>\n\t\t\t\t<\/div>\n\t\t<div class=\"elementor-element elementor-element-2ba5298 e-grid e-con-full wpr-particle-no wpr-jarallax-no wpr-parallax-no wpr-sticky-section-no e-con e-child\" data-id=\"2ba5298\" data-element_type=\"container\">\n\t\t\t\t<div class=\"elementor-element elementor-element-cd038c0 elementor-position-top elementor-widget elementor-widget-image-box\" data-id=\"cd038c0\" data-element_type=\"widget\" data-widget_type=\"image-box.default\">\n\t\t\t\t<div class=\"elementor-widget-container\">\n\t\t\t\t\t<div class=\"elementor-image-box-wrapper\"><figure class=\"elementor-image-box-img\"><img decoding=\"async\" src=\"https:\/\/camararibeiraocascalheira.com.br\/new\/wp-content\/uploads\/elementor\/thumbs\/equipe-1-r4p5ea3xx9ux5bnh2gr1j2us9lt0ff3mz4j541d3fk.png\" title=\"equipe (1)\" alt=\"equipe (1)\" loading=\"lazy\" \/><\/figure><div class=\"elementor-image-box-content\"><h3 class=\"elementor-image-box-title\">Amilton Fernandes<\/h3><p class=\"elementor-image-box-description\">Arquiteto S\u00eanior - Respons\u00e1vel pela concep\u00e7\u00e3o geral do projeto, estudos preliminares e desenvolvimento dos projetos executivos.<\/p><\/div><\/div>\t\t\t\t<\/div>\n\t\t\t\t<\/div>\n\t\t\t\t<div class=\"elementor-element elementor-element-8115371 elementor-position-top elementor-widget elementor-widget-image-box\" data-id=\"8115371\" data-element_type=\"widget\" data-widget_type=\"image-box.default\">\n\t\t\t\t<div class=\"elementor-widget-container\">\n\t\t\t\t\t<div class=\"elementor-image-box-wrapper\"><figure class=\"elementor-image-box-img\"><img decoding=\"async\" src=\"https:\/\/camararibeiraocascalheira.com.br\/new\/wp-content\/uploads\/elementor\/thumbs\/equipe-6-r4p5efqz2a2n2zfa5j6sy1fjtx17plq0zwg1zp4qe8.png\" title=\"equipe (6)\" alt=\"equipe (6)\" loading=\"lazy\" \/><\/figure><div class=\"elementor-image-box-content\"><h3 class=\"elementor-image-box-title\">Amanda Ribeiro<\/h3><p class=\"elementor-image-box-description\">Arquiteta de Interiores - Especializada em design de espa\u00e7os internos, escolha de materiais, mobili\u00e1rio e acabamentos.<\/p><\/div><\/div>\t\t\t\t<\/div>\n\t\t\t\t<\/div>\n\t\t\t\t<div class=\"elementor-element elementor-element-68bced9 elementor-position-top elementor-widget elementor-widget-image-box\" data-id=\"68bced9\" data-element_type=\"widget\" data-widget_type=\"image-box.default\">\n\t\t\t\t<div class=\"elementor-widget-container\">\n\t\t\t\t\t<div class=\"elementor-image-box-wrapper\"><figure class=\"elementor-image-box-img\"><img decoding=\"async\" src=\"https:\/\/camararibeiraocascalheira.com.br\/new\/wp-content\/uploads\/elementor\/thumbs\/equipe-5-r4p5eet4vg1crdgnb0s6djo38j5uhwmanrskif64kg.png\" title=\"equipe (5)\" alt=\"equipe (5)\" loading=\"lazy\" \/><\/figure><div class=\"elementor-image-box-content\"><h3 class=\"elementor-image-box-title\">Juliana Junqueira<\/h3><p class=\"elementor-image-box-description\">Paisagista - Respons\u00e1vel pelo projeto de paisagismo, escolha de plantas, cria\u00e7\u00e3o de jardins e \u00e1reas verdes.<\/p><\/div><\/div>\t\t\t\t<\/div>\n\t\t\t\t<\/div>\n\t\t\t\t<div class=\"elementor-element elementor-element-2101ced elementor-position-top elementor-widget elementor-widget-image-box\" data-id=\"2101ced\" data-element_type=\"widget\" data-widget_type=\"image-box.default\">\n\t\t\t\t<div class=\"elementor-widget-container\">\n\t\t\t\t\t<div class=\"elementor-image-box-wrapper\"><figure class=\"elementor-image-box-img\"><img decoding=\"async\" src=\"https:\/\/camararibeiraocascalheira.com.br\/new\/wp-content\/uploads\/elementor\/thumbs\/equipe-4-r4p5edvaom02fri0gidjt1wmn5aha7ikbn53157iqo.png\" title=\"equipe (4)\" alt=\"equipe (4)\" loading=\"lazy\" \/><\/figure><div class=\"elementor-image-box-content\"><h3 class=\"elementor-image-box-title\">Ant\u00f4nio Rodrigues<\/h3><p class=\"elementor-image-box-description\">Engenheiro Civil - Respons\u00e1vel pelos c\u00e1lculos estruturais, acompanhamento da obra e gest\u00e3o t\u00e9cnica.<\/p><\/div><\/div>\t\t\t\t<\/div>\n\t\t\t\t<\/div>\n\t\t\t\t<div class=\"elementor-element elementor-element-cea8f85 elementor-position-top elementor-widget elementor-widget-image-box\" data-id=\"cea8f85\" data-element_type=\"widget\" data-widget_type=\"image-box.default\">\n\t\t\t\t<div class=\"elementor-widget-container\">\n\t\t\t\t\t<div class=\"elementor-image-box-wrapper\"><figure class=\"elementor-image-box-img\"><img decoding=\"async\" src=\"https:\/\/camararibeiraocascalheira.com.br\/new\/wp-content\/uploads\/elementor\/thumbs\/equipe-3-r4p5ebzmaxxhsjkqrhkao2dpgdjqutb3ndu42lab34.png\" title=\"equipe (3)\" alt=\"equipe (3)\" loading=\"lazy\" \/><\/figure><div class=\"elementor-image-box-content\"><h3 class=\"elementor-image-box-title\">Fernanda Batista<\/h3><p class=\"elementor-image-box-description\">Designer de Ilumina\u00e7\u00e3o - Especializada em projetos de ilumina\u00e7\u00e3o, criando ambientes com atmosfera e funcionalidade.<\/p><\/div><\/div>\t\t\t\t<\/div>\n\t\t\t\t<\/div>\n\t\t\t\t<div class=\"elementor-element elementor-element-4a9e256 elementor-position-top elementor-widget elementor-widget-image-box\" data-id=\"4a9e256\" data-element_type=\"widget\" data-widget_type=\"image-box.default\">\n\t\t\t\t<div class=\"elementor-widget-container\">\n\t\t\t\t\t<div class=\"elementor-image-box-wrapper\"><figure class=\"elementor-image-box-img\"><img decoding=\"async\" src=\"https:\/\/camararibeiraocascalheira.com.br\/new\/wp-content\/uploads\/elementor\/thumbs\/equipe-2-r4p5eb1s43w7gxm3wz5o3km8uzodn47db96mlbbp9c.png\" title=\"equipe (2)\" alt=\"equipe (2)\" loading=\"lazy\" \/><\/figure><div class=\"elementor-image-box-content\"><h3 class=\"elementor-image-box-title\">Jos\u00e9 Carlos<\/h3><p class=\"elementor-image-box-description\">Coordenador de Projeto - Respons\u00e1vel pela gest\u00e3o geral do projeto, comunica\u00e7\u00e3o com o cliente e coordena\u00e7\u00e3o da equipe.<\/p><\/div><\/div>\t\t\t\t<\/div>\n\t\t\t\t<\/div>\n\t\t\t\t<\/div>\n\t\t\t\t<div class=\"elementor-element elementor-element-8d66750 elementor-align-center elementor-widget elementor-widget-button\" data-id=\"8d66750\" data-element_type=\"widget\" data-widget_type=\"button.default\">\n\t\t\t\t<div class=\"elementor-widget-container\">\n\t\t\t\t\t\t\t\t\t<div class=\"elementor-button-wrapper\">\n\t\t\t\t\t<a class=\"elementor-button elementor-button-link elementor-size-sm elementor-animation-shrink\" href=\"#\">\n\t\t\t\t\t\t<span class=\"elementor-button-content-wrapper\">\n\t\t\t\t\t\t<span class=\"elementor-button-icon\">\n\t\t\t\t<svg aria-hidden=\"true\" class=\"e-font-icon-svg e-fab-whatsapp\" viewBox=\"0 0 448 512\" xmlns=\"http:\/\/www.w3.org\/2000\/svg\"><path d=\"M380.9 97.1C339 55.1 283.2 32 223.9 32c-122.4 0-222 99.6-222 222 0 39.1 10.2 77.3 29.6 111L0 480l117.7-30.9c32.4 17.7 68.9 27 106.1 27h.1c122.3 0 224.1-99.6 224.1-222 0-59.3-25.2-115-67.1-157zm-157 341.6c-33.2 0-65.7-8.9-94-25.7l-6.7-4-69.8 18.3L72 359.2l-4.4-7c-18.5-29.4-28.2-63.3-28.2-98.2 0-101.7 82.8-184.5 184.6-184.5 49.3 0 95.6 19.2 130.4 54.1 34.8 34.9 56.2 81.2 56.1 130.5 0 101.8-84.9 184.6-186.6 184.6zm101.2-138.2c-5.5-2.8-32.8-16.2-37.9-18-5.1-1.9-8.8-2.8-12.5 2.8-3.7 5.6-14.3 18-17.6 21.8-3.2 3.7-6.5 4.2-12 1.4-32.6-16.3-54-29.1-75.5-66-5.7-9.8 5.7-9.1 16.3-30.3 1.8-3.7.9-6.9-.5-9.7-1.4-2.8-12.5-30.1-17.1-41.2-4.5-10.8-9.1-9.3-12.5-9.5-3.2-.2-6.9-.2-10.6-.2-3.7 0-9.7 1.4-14.8 6.9-5.1 5.6-19.4 19-19.4 46.3 0 27.3 19.9 53.7 22.6 57.4 2.8 3.7 39.1 59.7 94.8 83.8 35.2 15.2 49 16.5 66.6 13.9 10.7-1.6 32.8-13.4 37.4-26.4 4.6-13 4.6-24.1 3.2-26.4-1.3-2.5-5-3.9-10.5-6.6z\"><\/path><\/svg>\t\t\t<\/span>\n\t\t\t\t\t\t\t\t\t<span class=\"elementor-button-text\">Pedir Or\u00e7amento<\/span>\n\t\t\t\t\t<\/span>\n\t\t\t\t\t<\/a>\n\t\t\t\t<\/div>\n\t\t\t\t\t\t\t\t<\/div>\n\t\t\t\t<\/div>\n\t\t\t\t\t<\/div>\n\t\t\t\t<\/div>\n\t\t\t\t<\/div>\n\t\t","protected":false},"excerpt":{"rendered":"<p>Sobre N\u00f3s Conhe\u00e7a a Nexus Home Escrit\u00f3rio de arquitetura em UBERL\u00c2NDIA Na Nexus Home, entendemos que sua casa \u00e9 muito mais do que um espa\u00e7o f\u00edsico. \u00c9 o lugar onde voc\u00ea vive seus melhores momentos, cria mem\u00f3rias e expressa sua personalidade. Nossa miss\u00e3o \u00e9 construir la\u00e7os duradouros com nossos clientes, oferecendo um servi\u00e7o personalizado e transparente em todas as etapas do projeto. Acreditamos que a comunica\u00e7\u00e3o clara e a colabora\u00e7\u00e3o s\u00e3o fundamentais para alcan\u00e7ar resultados excepcionais. Nossos Valores: Excel\u00eancia:\u00a0Buscamos a perfei\u00e7\u00e3o em tudo o que fazemos.Personaliza\u00e7\u00e3o:\u00a0Cada projeto \u00e9 \u00fanico e adaptado \u00e0s suas necessidades.Inova\u00e7\u00e3o:\u00a0Estamos sempre atentos \u00e0s \u00faltimas tend\u00eancias e tecnologias.Sustentabilidade:\u00a0Integramos solu\u00e7\u00f5es eco-eficientes em nossos projetos. Veja Alguns Dos Nossos Projetos Clientes satisfeitos + 0 Projetos realizados + 0 Obras entregues + 0 Conhe\u00e7a Nossa Equipe: Compromisso com a excel\u00eancia em tudo que fazemos. Amilton Fernandes Arquiteto S\u00eanior &#8211; Respons\u00e1vel pela concep\u00e7\u00e3o geral do projeto, estudos preliminares e desenvolvimento dos projetos executivos. Amanda Ribeiro Arquiteta de Interiores &#8211; Especializada em design de espa\u00e7os internos, escolha de materiais, mobili\u00e1rio e acabamentos. Juliana Junqueira Paisagista &#8211; Respons\u00e1vel pelo projeto de paisagismo, escolha de plantas, cria\u00e7\u00e3o de jardins e \u00e1reas verdes. Ant\u00f4nio Rodrigues Engenheiro Civil &#8211; Respons\u00e1vel pelos c\u00e1lculos estruturais, acompanhamento da obra e gest\u00e3o t\u00e9cnica. Fernanda Batista Designer de Ilumina\u00e7\u00e3o &#8211; Especializada em projetos de ilumina\u00e7\u00e3o, criando ambientes com atmosfera e funcionalidade. Jos\u00e9 Carlos Coordenador de Projeto &#8211; Respons\u00e1vel pela gest\u00e3o geral do projeto, comunica\u00e7\u00e3o com o cliente e coordena\u00e7\u00e3o da equipe. Pedir Or\u00e7amento<\/p>\n","protected":false},"author":1,"featured_media":0,"parent":0,"menu_order":0,"comment_status":"closed","ping_status":"closed","template":"elementor_header_footer","meta":{"pagelayer_contact_templates":[],"_pagelayer_content":"","footnotes":""},"class_list":["post-15","page","type-page","status-publish","hentry"],"_links":{"self":[{"href":"https:\/\/camararibeiraocascalheira.com.br\/new\/wp-json\/wp\/v2\/pages\/15","targetHints":{"allow":["GET"]}}],"collection":[{"href":"https:\/\/camararibeiraocascalheira.com.br\/new\/wp-json\/wp\/v2\/pages"}],"about":[{"href":"https:\/\/camararibeiraocascalheira.com.br\/new\/wp-json\/wp\/v2\/types\/page"}],"author":[{"embeddable":true,"href":"https:\/\/camararibeiraocascalheira.com.br\/new\/wp-json\/wp\/v2\/users\/1"}],"replies":[{"embeddable":true,"href":"https:\/\/camararibeiraocascalheira.com.br\/new\/wp-json\/wp\/v2\/comments?post=15"}],"version-history":[{"count":49,"href":"https:\/\/camararibeiraocascalheira.com.br\/new\/wp-json\/wp\/v2\/pages\/15\/revisions"}],"predecessor-version":[{"id":410,"href":"https:\/\/camararibeiraocascalheira.com.br\/new\/wp-json\/wp\/v2\/pages\/15\/revisions\/410"}],"wp:attachment":[{"href":"https:\/\/camararibeiraocascalheira.com.br\/new\/wp-json\/wp\/v2\/media?parent=15"}],"curies":[{"name":"wp","href":"https:\/\/api.w.org\/{rel}","templated":true}]}}